{"id":144,"date":"2020-10-28T10:51:45","date_gmt":"2020-10-28T09:51:45","guid":{"rendered":"http:\/\/www.festar.it\/?page_id=144"},"modified":"2020-10-28T10:51:45","modified_gmt":"2020-10-28T09:51:45","slug":"normative","status":"publish","type":"page","link":"http:\/\/www.festar.it\/?page_id=144","title":{"rendered":"Normative"},"content":{"rendered":"\n<p><strong>RAEE \/ WEEE<\/strong><\/p>\n\n\n\n<figure class=\"wp-block-image size-large\"><img loading=\"lazy\" width=\"1024\" height=\"724\" src=\"http:\/\/www.festar.it\/wp-content\/uploads\/2020\/10\/E-waste-1024x724.jpg\" alt=\"\" class=\"wp-image-145\" srcset=\"http:\/\/www.festar.it\/wp-content\/uploads\/2020\/10\/E-waste-1024x724.jpg 1024w, http:\/\/www.festar.it\/wp-content\/uploads\/2020\/10\/E-waste-300x212.jpg 300w, http:\/\/www.festar.it\/wp-content\/uploads\/2020\/10\/E-waste-768x543.jpg 768w, http:\/\/www.festar.it\/wp-content\/uploads\/2020\/10\/E-waste.jpg 1366w\" sizes=\"(max-width: 1024px) 100vw, 1024px\" \/><\/figure>\n\n\n\n<p>INFORMAZIONE AGLI UTENTI DI APPARECCHIATURE DOMESTICHE Ai sensi dell\u2019art. 26 del Decreto Legislativo 14 marzo 2014, n. 49 &#8220;Attuazione della Direttiva 2012\/19\/UE sui rifiuti di apparecchiature elettriche ed elettroniche (RAEE) e del Decreto Legislativo 188 del 20 novembre 2008 (se il dispositivo include le batterie). Il simbolo del cassonetto barrato riportato sull\u2019apparecchiatura o sulla sua confezione e sulle pile, indica che il prodotto alla fine della propria vita utile deve essere raccolto separatamente dagli altri rifiuti per permetterne un adeguato trattamento e riciclo. Se il prodotto \u00e8 alimentato da batterie o accumulatori, si ricorda che devono essere rimossi dall\u2019apparecchiatura prima che questa sia conferita come rifiuto aprendo l&#8217;apposito vano che le contiene utilizzando eventualmente un utensile sino a farle fuoriuscire, e dismesse separatamente dall\u2019apparato utilizzando gli appositi contenitori destinati alla loro raccolta. Qualora l&#8217;operazione di estrazione delle batterie dovesse risultare difficoltosa rivolgersi al rivenditore o a un operatore qualificato. Sulle pile, in aggiunta al simbolo, sono contrassegnati i simboli chimici del relativo metallo: del mercurio (Hg) o del piombo (Pb) e del cadmio (Cd) se la batteria contiene pi\u00f9 dello 0.0005% di mercurio o dello 0.004% di piombo o del 0,002% di cadmio. L\u2019utente dovr\u00e0, pertanto, conferire gratuitamente l\u2019apparecchiatura giunta a fine vita agli idonei centri comunali di raccolta differenziata dei rifiuti elettrici ed elettronici, oppure riconsegnarla al rivenditore secondo le seguenti modalit\u00e0: a) per apparecchiature di piccolissime dimensioni, ovvero con almeno un lato esterno non superiore a 25 cm, \u00e8 prevista la consegna gratuita senza obbligo di acquisto presso i negozi con una superficie di vendita delle apparecchiature elettriche ed elettroniche superiore ai 400 mq. Per negozi con dimensioni inferiori, tale modalit\u00e0 \u00e8 facoltativa; b) per apparecchiature con dimensioni superiori a 25 cm, \u00e8 prevista la consegna in tutti i punti di vendita in modalit\u00e0 1contro1, ovvero la consegna al rivenditore potr\u00e0 avvenire solo all\u2019atto dell\u2019acquisto di un nuovo prodotto equivalente, in ragione di uno a uno. L\u2019adeguata raccolta differenziata per l\u2019avvio successivo dell\u2019apparecchiatura dismessa al riciclaggio, al trattamento e allo smaltimento ambientalmente compatibile contribuisce ad evitare possibili effetti negativi sull\u2019ambiente e sulla salute e favorisce il reimpiego e\/o riciclo dei materiali di cui \u00e8 composta l\u2019apparecchiatura. Lo smaltimento abusivo di apparecchiature, pile ed accumulatori da parte dell\u2019utente comporta l\u2019applicazione delle sanzioni di cui alla corrente normativa di legge.<\/p>\n\n\n\n<div class=\"wp-block-file\"><a href=\"http:\/\/www.festar.it\/wp-content\/uploads\/2020\/10\/Multilingue-RAEE-WEEE.pdf\">Multilingue-RAEE-WEEE<\/a><a href=\"http:\/\/www.festar.it\/wp-content\/uploads\/2020\/10\/Multilingue-RAEE-WEEE.pdf\" class=\"wp-block-file__button\" download>Download<\/a><\/div>\n\n\n\n<p><\/p>\n","protected":false},"excerpt":{"rendered":"<p>RAEE \/ WEEE INFORMAZIONE AGLI UTENTI DI APPARECCHIATURE DOMESTICHE Ai sensi dell\u2019art. 26 del Decreto Legislativo 14 marzo 2014, n. 49 &#8220;Attuazione della Direttiva 2012\/19\/UE sui rifiuti di apparecchiature elettriche ed elettroniche (RAEE) e del Decreto Legislativo 188 del 20 novembre 2008 (se il dispositivo include le batterie). Il simbolo del cassonetto barrato riportato sull\u2019apparecchiatura [&hellip;]<\/p>\n","protected":false},"author":1,"featured_media":0,"parent":0,"menu_order":0,"comment_status":"closed","ping_status":"closed","template":"","meta":[],"aioseo_notices":[],"_links":{"self":[{"href":"http:\/\/www.festar.it\/index.php?rest_route=\/wp\/v2\/pages\/144"}],"collection":[{"href":"http:\/\/www.festar.it\/index.php?rest_route=\/wp\/v2\/pages"}],"about":[{"href":"http:\/\/www.festar.it\/index.php?rest_route=\/wp\/v2\/types\/page"}],"author":[{"embeddable":true,"href":"http:\/\/www.festar.it\/index.php?rest_route=\/wp\/v2\/users\/1"}],"replies":[{"embeddable":true,"href":"http:\/\/www.festar.it\/index.php?rest_route=%2Fwp%2Fv2%2Fcomments&post=144"}],"version-history":[{"count":1,"href":"http:\/\/www.festar.it\/index.php?rest_route=\/wp\/v2\/pages\/144\/revisions"}],"predecessor-version":[{"id":147,"href":"http:\/\/www.festar.it\/index.php?rest_route=\/wp\/v2\/pages\/144\/revisions\/147"}],"wp:attachment":[{"href":"http:\/\/www.festar.it\/index.php?rest_route=%2Fwp%2Fv2%2Fmedia&parent=144"}],"curies":[{"name":"wp","href":"https:\/\/api.w.org\/{rel}","templated":true}]}}